{"id":2149,"date":"2022-12-02T17:29:14","date_gmt":"2022-12-02T16:29:14","guid":{"rendered":"https:\/\/alfabetstylu.com\/?page_id=2149"},"modified":"2024-04-26T22:39:29","modified_gmt":"2024-04-26T20:39:29","slug":"kontakt","status":"publish","type":"page","link":"https:\/\/alfabetstylu.com\/index.php\/kontakt\/","title":{"rendered":"KONTAKT"},"content":{"rendered":"\t\t<div data-elementor-type=\"wp-page\" data-elementor-id=\"2149\" class=\"elementor elementor-2149\">\n\t\t\t\t\t\t<section class=\"elementor-section elementor-top-section elementor-element elementor-element-1c47a38 elementor-section-boxed elementor-section-height-default elementor-section-height-default wpr-particle-no wpr-jarallax-no wpr-parallax-no wpr-sticky-section-no wpr-equal-height-no\" data-id=\"1c47a38\" data-element_type=\"section\" data-e-type=\"section\">\n\t\t\t\t\t\t<div class=\"elementor-container elementor-column-gap-default\">\n\t\t\t\t\t<div class=\"elementor-column elementor-col-100 elementor-top-column elementor-element elementor-element-6e1afea\" data-id=\"6e1afea\" data-element_type=\"column\" data-e-type=\"column\">\n\t\t\t<div class=\"elementor-widget-wrap elementor-element-populated\">\n\t\t\t\t\t\t<div class=\"elementor-element elementor-element-861af91 elementor-widget elementor-widget-text-editor\" data-id=\"861af91\" data-element_type=\"widget\" data-e-type=\"widget\" data-widget_type=\"text-editor.default\">\n\t\t\t\t<div class=\"elementor-widget-container\">\n\t\t\t\t\t\t\t\t\t<p><span style=\"color: #464646; font-family: 'Open Sans'; text-align: justify;\">Zapraszam do kontaktu pod <b>adresem e-mail: aslowicka@alfabetstylu.com <\/b>lub za pomoc\u0105 poni\u017cszego formularza<\/span><\/p>\t\t\t\t\t\t\t\t<\/div>\n\t\t\t\t<\/div>\n\t\t\t\t\t<\/div>\n\t\t<\/div>\n\t\t\t\t\t<\/div>\n\t\t<\/section>\n\t\t\t\t<section class=\"elementor-section elementor-top-section elementor-element elementor-element-b72f1c7 elementor-section-boxed elementor-section-height-default elementor-section-height-default wpr-particle-no wpr-jarallax-no wpr-parallax-no wpr-sticky-section-no wpr-equal-height-no\" data-id=\"b72f1c7\" data-element_type=\"section\" data-e-type=\"section\">\n\t\t\t\t\t\t<div class=\"elementor-container elementor-column-gap-default\">\n\t\t\t\t\t<div class=\"elementor-column elementor-col-100 elementor-top-column elementor-element elementor-element-e3990fb\" data-id=\"e3990fb\" data-element_type=\"column\" data-e-type=\"column\">\n\t\t\t<div class=\"elementor-widget-wrap elementor-element-populated\">\n\t\t\t\t\t\t<div class=\"elementor-element elementor-element-b5baa45 elementor-widget elementor-widget-wpforms\" data-id=\"b5baa45\" data-element_type=\"widget\" data-e-type=\"widget\" data-widget_type=\"wpforms.default\">\n\t\t\t\t<div class=\"elementor-widget-container\">\n\t\t\t\t\t<div class=\"wpforms-container wpforms-container-full wpforms-render-modern\" id=\"wpforms-3760\"><form id=\"wpforms-form-3760\" class=\"wpforms-validate wpforms-form wpforms-ajax-form\" data-formid=\"3760\" method=\"post\" enctype=\"multipart\/form-data\" action=\"\/index.php\/wp-json\/wp\/v2\/pages\/2149\" data-token=\"fed56604f2a53c82ae4776e32438a919\" data-token-time=\"1778078115\"><noscript class=\"wpforms-error-noscript\">Aby wype\u0142ni\u0107 ten formularz, w\u0142\u0105cz obs\u0142ug\u0119 JavaScript w przegl\u0105darce.<\/noscript><div id=\"wpforms-error-noscript\" style=\"display: none;\">Aby wype\u0142ni\u0107 ten formularz, w\u0142\u0105cz obs\u0142ug\u0119 JavaScript w przegl\u0105darce.<\/div><div class=\"wpforms-field-container\"><div id=\"wpforms-3760-field_3-container\" class=\"wpforms-field wpforms-field-name\" data-field-id=\"3\"><fieldset><legend class=\"wpforms-field-label\">Nazwa <span class=\"wpforms-required-label\" aria-hidden=\"true\">*<\/span><\/legend><div class=\"wpforms-field-row wpforms-field-medium\"><div class=\"wpforms-field-row-block wpforms-first wpforms-one-half\"><input type=\"text\" id=\"wpforms-3760-field_3\" class=\"wpforms-field-name-first wpforms-field-required\" name=\"wpforms[fields][3][first]\" aria-errormessage=\"wpforms-3760-field_3-error\" required><label for=\"wpforms-3760-field_3\" class=\"wpforms-field-sublabel after\">Pierwszy<\/label><\/div><div class=\"wpforms-field-row-block wpforms-one-half\"><input type=\"text\" id=\"wpforms-3760-field_3-last\" class=\"wpforms-field-name-last wpforms-field-required\" name=\"wpforms[fields][3][last]\" aria-errormessage=\"wpforms-3760-field_3-last-error\" required><label for=\"wpforms-3760-field_3-last\" class=\"wpforms-field-sublabel after\">Ostatni<\/label><\/div><\/div><\/fieldset><\/div><div id=\"wpforms-3760-field_4-container\" class=\"wpforms-field wpforms-field-email\" data-field-id=\"4\"><label class=\"wpforms-field-label\" for=\"wpforms-3760-field_4\">Adres e-mail <span class=\"wpforms-required-label\" aria-hidden=\"true\">*<\/span><\/label><input type=\"email\" id=\"wpforms-3760-field_4\" class=\"wpforms-field-medium wpforms-field-required\" name=\"wpforms[fields][4]\" spellcheck=\"false\" aria-errormessage=\"wpforms-3760-field_4-error\" required><\/div><div id=\"wpforms-3760-field_5-container\" class=\"wpforms-field wpforms-field-textarea\" data-field-id=\"5\"><label class=\"wpforms-field-label\" for=\"wpforms-3760-field_5\">Napisz wiadomo\u015b\u0107: <span class=\"wpforms-required-label\" aria-hidden=\"true\">*<\/span><\/label><textarea id=\"wpforms-3760-field_5\" class=\"wpforms-field-medium wpforms-field-required\" name=\"wpforms[fields][5]\" aria-errormessage=\"wpforms-3760-field_5-error\" required><\/textarea><\/div><div id=\"wpforms-3760-field_6-container\" class=\"wpforms-field wpforms-field-gdpr-checkbox\" data-field-id=\"6\"><label class=\"wpforms-field-label\">Zgoda RODO <span class=\"wpforms-required-label\" aria-hidden=\"true\">*<\/span><\/label><ul id=\"wpforms-3760-field_6\" class=\"wpforms-field-required\"><li class=\"choice-1\"><input type=\"checkbox\" id=\"wpforms-3760-field_6_1\" name=\"wpforms[fields][6][]\" value=\"Zgadzam si\u0119 na przechowywanie przes\u0142anych przeze mnie informacji w tej witrynie internetowej do cel\u00f3w udzielenia odpowiedzi na moje zapytanie. Wyra\u017cam zgod\u0119 na przetwarzanie danych osobowych, niezb\u0119dnych do realizacji zam\u00f3wienia. O\u015bwiadczam, i\u017c zapozna\u0142am\/em si\u0119 z polityk\u0105 prywatno\u015bci i plik\u00f3w cookies oraz Regulaminem Us\u0142ug wraz z informacjami dotycz\u0105cymi przetwarzania danych osobowych dost\u0119pnych na stronie: https:\/\/alfabetstylu.com.\" aria-errormessage=\"wpforms-3760-field_6_1-error\" required ><label class=\"wpforms-field-label-inline\" for=\"wpforms-3760-field_6_1\">Zgadzam si\u0119 na przechowywanie przes\u0142anych przeze mnie informacji w tej witrynie internetowej do cel\u00f3w udzielenia odpowiedzi na moje zapytanie. Wyra\u017cam zgod\u0119 na przetwarzanie danych osobowych, niezb\u0119dnych do realizacji zam\u00f3wienia. O\u015bwiadczam, i\u017c zapozna\u0142am\/em si\u0119 z polityk\u0105 prywatno\u015bci i plik\u00f3w cookies oraz Regulaminem Us\u0142ug wraz z informacjami dotycz\u0105cymi przetwarzania danych osobowych dost\u0119pnych na stronie: https:\/\/alfabetstylu.com.<\/label><\/li><\/ul><\/div><\/div><!-- .wpforms-field-container --><div class=\"wpforms-submit-container\" ><input type=\"hidden\" name=\"wpforms[id]\" value=\"3760\"><input type=\"hidden\" name=\"page_title\" value=\"\"><input type=\"hidden\" name=\"page_url\" value=\"https:\/\/alfabetstylu.com\/index.php\/wp-json\/wp\/v2\/pages\/2149\"><input type=\"hidden\" name=\"url_referer\" value=\"\"><button type=\"submit\" name=\"wpforms[submit]\" id=\"wpforms-submit-3760\" class=\"wpforms-submit\" data-alt-text=\"Wysy\u0142anie...\" data-submit-text=\"Prze\u015blij\" aria-live=\"assertive\" value=\"wpforms-submit\">Prze\u015blij<\/button><img decoding=\"async\" src=\"https:\/\/alfabetstylu.com\/wp-content\/plugins\/wpforms-lite\/assets\/images\/submit-spin.svg\" class=\"wpforms-submit-spinner\" style=\"display: none;\" width=\"26\" height=\"26\" alt=\"Wczytywanie\"><\/div><\/form><\/div>  <!-- .wpforms-container -->\t\t\t\t<\/div>\n\t\t\t\t<\/div>\n\t\t\t\t\t<\/div>\n\t\t<\/div>\n\t\t\t\t\t<\/div>\n\t\t<\/section>\n\t\t\t\t<section class=\"elementor-section elementor-top-section elementor-element elementor-element-5ed08be elementor-section-boxed elementor-section-height-default elementor-section-height-default wpr-particle-no wpr-jarallax-no wpr-parallax-no wpr-sticky-section-no wpr-equal-height-no\" data-id=\"5ed08be\" data-element_type=\"section\" data-e-type=\"section\">\n\t\t\t\t\t\t<div class=\"elementor-container elementor-column-gap-default\">\n\t\t\t\t\t<div class=\"elementor-column elementor-col-25 elementor-top-column elementor-element elementor-element-28db1b9\" data-id=\"28db1b9\" data-element_type=\"column\" data-e-type=\"column\">\n\t\t\t<div class=\"elementor-widget-wrap elementor-element-populated\">\n\t\t\t\t\t\t<div class=\"elementor-element elementor-element-9af3001 elementor-widget elementor-widget-text-editor\" data-id=\"9af3001\" data-element_type=\"widget\" data-e-type=\"widget\" data-widget_type=\"text-editor.default\">\n\t\t\t\t<div class=\"elementor-widget-container\">\n\t\t\t\t\t\t\t\t\t<p><strong>Poni\u017cej linki dokument\u00f3w:<\/strong><\/p>\t\t\t\t\t\t\t\t<\/div>\n\t\t\t\t<\/div>\n\t\t\t\t<div class=\"elementor-element elementor-element-968ca7a elementor-widget elementor-widget-button\" data-id=\"968ca7a\" data-element_type=\"widget\" data-e-type=\"widget\" data-widget_type=\"button.default\">\n\t\t\t\t<div class=\"elementor-widget-container\">\n\t\t\t\t\t\t\t\t\t<div class=\"elementor-button-wrapper\">\n\t\t\t\t\t<a class=\"elementor-button elementor-button-link elementor-size-sm\" href=\"https:\/\/alfabetstylu.com\/index.php\/polityka-prywatnosci\/\">\n\t\t\t\t\t\t<span class=\"elementor-button-content-wrapper\">\n\t\t\t\t\t\t\t\t\t<span class=\"elementor-button-text\">Polityka prywatno\u015bci\/pliki cookies<\/span>\n\t\t\t\t\t<\/span>\n\t\t\t\t\t<\/a>\n\t\t\t\t<\/div>\n\t\t\t\t\t\t\t\t<\/div>\n\t\t\t\t<\/div>\n\t\t\t\t\t<\/div>\n\t\t<\/div>\n\t\t\t\t<div class=\"elementor-column elementor-col-25 elementor-top-column elementor-element elementor-element-3c69e73\" data-id=\"3c69e73\" data-element_type=\"column\" data-e-type=\"column\">\n\t\t\t<div class=\"elementor-widget-wrap\">\n\t\t\t\t\t\t\t<\/div>\n\t\t<\/div>\n\t\t\t\t<div class=\"elementor-column elementor-col-25 elementor-top-column elementor-element elementor-element-96a2103\" data-id=\"96a2103\" data-element_type=\"column\" data-e-type=\"column\">\n\t\t\t<div class=\"elementor-widget-wrap\">\n\t\t\t\t\t\t\t<\/div>\n\t\t<\/div>\n\t\t\t\t<div class=\"elementor-column elementor-col-25 elementor-top-column elementor-element elementor-element-9a775f4\" data-id=\"9a775f4\" data-element_type=\"column\" data-e-type=\"column\">\n\t\t\t<div class=\"elementor-widget-wrap\">\n\t\t\t\t\t\t\t<\/div>\n\t\t<\/div>\n\t\t\t\t\t<\/div>\n\t\t<\/section>\n\t\t\t\t<section class=\"elementor-section elementor-top-section elementor-element elementor-element-74bcf6d elementor-section-boxed elementor-section-height-default elementor-section-height-default wpr-particle-no wpr-jarallax-no wpr-parallax-no wpr-sticky-section-no wpr-equal-height-no\" data-id=\"74bcf6d\" data-element_type=\"section\" data-e-type=\"section\">\n\t\t\t\t\t\t<div class=\"elementor-container elementor-column-gap-default\">\n\t\t\t\t\t<div class=\"elementor-column elementor-col-33 elementor-top-column elementor-element elementor-element-7ad875e\" data-id=\"7ad875e\" data-element_type=\"column\" data-e-type=\"column\">\n\t\t\t<div class=\"elementor-widget-wrap\">\n\t\t\t\t\t\t\t<\/div>\n\t\t<\/div>\n\t\t\t\t<div class=\"elementor-column elementor-col-33 elementor-top-column elementor-element elementor-element-6721ae7\" data-id=\"6721ae7\" data-element_type=\"column\" data-e-type=\"column\">\n\t\t\t<div class=\"elementor-widget-wrap elementor-element-populated\">\n\t\t\t\t\t\t<div class=\"elementor-element elementor-element-f7b4cba elementor-invisible elementor-widget elementor-widget-image\" data-id=\"f7b4cba\" data-element_type=\"widget\" data-e-type=\"widget\" data-settings=\"{&quot;_animation&quot;:&quot;zoomIn&quot;}\" data-widget_type=\"image.default\">\n\t\t\t\t<div class=\"elementor-widget-container\">\n\t\t\t\t\t\t\t\t\t\t\t\t\t\t\t<img fetchpriority=\"high\" decoding=\"async\" width=\"512\" height=\"512\" src=\"https:\/\/alfabetstylu.com\/wp-content\/uploads\/2022\/11\/cropped-Kremowe-i-Czarne-Naturalny-Makijaz-Uroda-Logo-6.png\" class=\"attachment-large size-large wp-image-2035\" alt=\"\" srcset=\"https:\/\/alfabetstylu.com\/wp-content\/uploads\/2022\/11\/cropped-Kremowe-i-Czarne-Naturalny-Makijaz-Uroda-Logo-6.png 512w, https:\/\/alfabetstylu.com\/wp-content\/uploads\/2022\/11\/cropped-Kremowe-i-Czarne-Naturalny-Makijaz-Uroda-Logo-6-150x150.png 150w, https:\/\/alfabetstylu.com\/wp-content\/uploads\/2022\/11\/cropped-Kremowe-i-Czarne-Naturalny-Makijaz-Uroda-Logo-6-300x300.png 300w, https:\/\/alfabetstylu.com\/wp-content\/uploads\/2022\/11\/cropped-Kremowe-i-Czarne-Naturalny-Makijaz-Uroda-Logo-6-75x75.png 75w\" sizes=\"(max-width: 512px) 100vw, 512px\" \/>\t\t\t\t\t\t\t\t\t\t\t\t\t\t\t<\/div>\n\t\t\t\t<\/div>\n\t\t\t\t\t<\/div>\n\t\t<\/div>\n\t\t\t\t<div class=\"elementor-column elementor-col-33 elementor-top-column elementor-element elementor-element-b0ca6f0\" data-id=\"b0ca6f0\" data-element_type=\"column\" data-e-type=\"column\">\n\t\t\t<div class=\"elementor-widget-wrap\">\n\t\t\t\t\t\t\t<\/div>\n\t\t<\/div>\n\t\t\t\t\t<\/div>\n\t\t<\/section>\n\t\t\t\t<\/div>\n\t\t","protected":false},"excerpt":{"rendered":"<p>Zapraszam do kontaktu pod adresem e-mail: aslowicka@alfabetstylu.com lub za pomoc\u0105 poni\u017cszego formularza Aby wype\u0142ni\u0107 ten formularz, w\u0142\u0105cz obs\u0142ug\u0119 JavaScript w przegl\u0105darce.Aby wype\u0142ni\u0107 ten formularz, w\u0142\u0105cz obs\u0142ug\u0119 JavaScript w przegl\u0105darce. Nazwa * Imi\u0119Nazwisko Adres e-mail *Napisz wiadomo\u015b\u0107: *Zgoda RODO * Zgadzam si\u0119 na przechowywanie przes\u0142anych przeze mnie informacji w tej witrynie internetowej do cel\u00f3w udzielenia odpowiedzi na moje zapytanie. Wyra\u017cam zgod\u0119 na przetwarzanie danych osobowych, niezb\u0119dnych do realizacji zam\u00f3wienia. O\u015bwiadczam, i\u017c zapozna\u0142am\/em si\u0119 z polityk\u0105 prywatno\u015bci i plik\u00f3w cookies oraz Regulaminem Us\u0142ug wraz z informacjami dotycz\u0105cymi przetwarzania danych osobowych dost\u0119pnych na stronie: https:\/\/alfabetstylu.com. Prze\u015blij Poni\u017cej linki dokument\u00f3w: Polityka prywatno\u015bci\/pliki cookies<\/p>\n","protected":false},"author":1,"featured_media":0,"parent":0,"menu_order":0,"comment_status":"closed","ping_status":"closed","template":"","meta":{"om_disable_all_campaigns":false,"_monsterinsights_skip_tracking":false,"_monsterinsights_sitenote_active":false,"_monsterinsights_sitenote_note":"","_monsterinsights_sitenote_category":0,"_uf_show_specific_survey":0,"_uf_disable_surveys":false,"footnotes":""},"class_list":["post-2149","page","type-page","status-publish","hentry"],"yoast_head":"<!-- This site is optimized with the Yoast SEO plugin v27.5 - https:\/\/yoast.com\/product\/yoast-seo-wordpress\/ -->\n<title>KONTAKT - Osobista stylistka Warszawa - ALFABET STYLU Agnieszka S\u0142owicka, Warszawa<\/title>\n<meta name=\"robots\" content=\"index, follow, max-snippet:-1, max-image-preview:large, max-video-preview:-1\" \/>\n<link rel=\"canonical\" href=\"https:\/\/alfabetstylu.com\/index.php\/kontakt\/\" \/>\n<meta property=\"og:locale\" content=\"pl_PL\" \/>\n<meta property=\"og:type\" content=\"article\" \/>\n<meta property=\"og:title\" content=\"KONTAKT - Osobista stylistka Warszawa - ALFABET STYLU Agnieszka S\u0142owicka, Warszawa\" \/>\n<meta property=\"og:description\" content=\"Zapraszam do kontaktu pod adresem e-mail: aslowicka@alfabetstylu.com lub za pomoc\u0105 poni\u017cszego formularza Aby wype\u0142ni\u0107 ten formularz, w\u0142\u0105cz obs\u0142ug\u0119 JavaScript w przegl\u0105darce.Aby wype\u0142ni\u0107 ten formularz, w\u0142\u0105cz obs\u0142ug\u0119 JavaScript w przegl\u0105darce. Nazwa * Imi\u0119Nazwisko Adres e-mail *Napisz wiadomo\u015b\u0107: *Zgoda RODO * Zgadzam si\u0119 na przechowywanie przes\u0142anych przeze mnie informacji w tej witrynie internetowej do cel\u00f3w udzielenia odpowiedzi na moje zapytanie. Wyra\u017cam zgod\u0119 na przetwarzanie danych osobowych, niezb\u0119dnych do realizacji zam\u00f3wienia. O\u015bwiadczam, i\u017c zapozna\u0142am\/em si\u0119 z polityk\u0105 prywatno\u015bci i plik\u00f3w cookies oraz Regulaminem Us\u0142ug wraz z informacjami dotycz\u0105cymi przetwarzania danych osobowych dost\u0119pnych na stronie: https:\/\/alfabetstylu.com. Prze\u015blij Poni\u017cej linki dokument\u00f3w: Polityka prywatno\u015bci\/pliki cookies\" \/>\n<meta property=\"og:url\" content=\"https:\/\/alfabetstylu.com\/index.php\/kontakt\/\" \/>\n<meta property=\"og:site_name\" content=\"Osobista stylistka Warszawa - ALFABET STYLU Agnieszka S\u0142owicka, Warszawa\" \/>\n<meta property=\"article:publisher\" content=\"https:\/\/www.facebook.com\/ASalfabetstylu\/?modal=composer&amp;notif_id=1581807070514170&amp;notif_t=aymt_simplified_make_page_post&amp;ref=notif\" \/>\n<meta property=\"article:modified_time\" content=\"2024-04-26T20:39:29+00:00\" \/>\n<meta property=\"og:image\" content=\"https:\/\/alfabetstylu.com\/wp-content\/plugins\/wpforms-lite\/assets\/images\/submit-spin.svg\" \/>\n<meta name=\"twitter:card\" content=\"summary_large_image\" \/>\n<meta name=\"twitter:label1\" content=\"Szacowany czas czytania\" \/>\n\t<meta name=\"twitter:data1\" content=\"1 minuta\" \/>\n<script type=\"application\/ld+json\" class=\"yoast-schema-graph\">{\"@context\":\"https:\\\/\\\/schema.org\",\"@graph\":[{\"@type\":\"WebPage\",\"@id\":\"https:\\\/\\\/alfabetstylu.com\\\/index.php\\\/kontakt\\\/\",\"url\":\"https:\\\/\\\/alfabetstylu.com\\\/index.php\\\/kontakt\\\/\",\"name\":\"KONTAKT - Osobista stylistka Warszawa - ALFABET STYLU Agnieszka S\u0142owicka, Warszawa\",\"isPartOf\":{\"@id\":\"https:\\\/\\\/alfabetstylu.com\\\/#website\"},\"primaryImageOfPage\":{\"@id\":\"https:\\\/\\\/alfabetstylu.com\\\/index.php\\\/kontakt\\\/#primaryimage\"},\"image\":{\"@id\":\"https:\\\/\\\/alfabetstylu.com\\\/index.php\\\/kontakt\\\/#primaryimage\"},\"thumbnailUrl\":\"https:\\\/\\\/alfabetstylu.com\\\/wp-content\\\/plugins\\\/wpforms-lite\\\/assets\\\/images\\\/submit-spin.svg\",\"datePublished\":\"2022-12-02T16:29:14+00:00\",\"dateModified\":\"2024-04-26T20:39:29+00:00\",\"breadcrumb\":{\"@id\":\"https:\\\/\\\/alfabetstylu.com\\\/index.php\\\/kontakt\\\/#breadcrumb\"},\"inLanguage\":\"pl-PL\",\"potentialAction\":[{\"@type\":\"ReadAction\",\"target\":[\"https:\\\/\\\/alfabetstylu.com\\\/index.php\\\/kontakt\\\/\"]}]},{\"@type\":\"ImageObject\",\"inLanguage\":\"pl-PL\",\"@id\":\"https:\\\/\\\/alfabetstylu.com\\\/index.php\\\/kontakt\\\/#primaryimage\",\"url\":\"https:\\\/\\\/alfabetstylu.com\\\/wp-content\\\/plugins\\\/wpforms-lite\\\/assets\\\/images\\\/submit-spin.svg\",\"contentUrl\":\"https:\\\/\\\/alfabetstylu.com\\\/wp-content\\\/plugins\\\/wpforms-lite\\\/assets\\\/images\\\/submit-spin.svg\"},{\"@type\":\"BreadcrumbList\",\"@id\":\"https:\\\/\\\/alfabetstylu.com\\\/index.php\\\/kontakt\\\/#breadcrumb\",\"itemListElement\":[{\"@type\":\"ListItem\",\"position\":1,\"name\":\"Strona g\u0142\u00f3wna\",\"item\":\"https:\\\/\\\/alfabetstylu.com\\\/\"},{\"@type\":\"ListItem\",\"position\":2,\"name\":\"KONTAKT\"}]},{\"@type\":\"WebSite\",\"@id\":\"https:\\\/\\\/alfabetstylu.com\\\/#website\",\"url\":\"https:\\\/\\\/alfabetstylu.com\\\/\",\"name\":\"doradca wizerunku - ALFABET STYLU Agnieszka S\u0142owicka, Warszawa\",\"description\":\"kszta\u0142towanie wizerunku, czyli wszystko co potrzebujesz wiedzie\u0107, aby ol\u015bni\u0107 swoim wygl\u0105dem.\",\"publisher\":{\"@id\":\"https:\\\/\\\/alfabetstylu.com\\\/#\\\/schema\\\/person\\\/beef67d495d162332beb4bc3c7657d3f\"},\"potentialAction\":[{\"@type\":\"SearchAction\",\"target\":{\"@type\":\"EntryPoint\",\"urlTemplate\":\"https:\\\/\\\/alfabetstylu.com\\\/?s={search_term_string}\"},\"query-input\":{\"@type\":\"PropertyValueSpecification\",\"valueRequired\":true,\"valueName\":\"search_term_string\"}}],\"inLanguage\":\"pl-PL\"},{\"@type\":[\"Person\",\"Organization\"],\"@id\":\"https:\\\/\\\/alfabetstylu.com\\\/#\\\/schema\\\/person\\\/beef67d495d162332beb4bc3c7657d3f\",\"name\":\"Agnieszka\",\"image\":{\"@type\":\"ImageObject\",\"inLanguage\":\"pl-PL\",\"@id\":\"https:\\\/\\\/secure.gravatar.com\\\/avatar\\\/7570d8418aa8b2b088ec6fbab020bbee04a813104b3444fd1815aec13b00c083?s=96&d=identicon&r=g\",\"url\":\"https:\\\/\\\/secure.gravatar.com\\\/avatar\\\/7570d8418aa8b2b088ec6fbab020bbee04a813104b3444fd1815aec13b00c083?s=96&d=identicon&r=g\",\"contentUrl\":\"https:\\\/\\\/secure.gravatar.com\\\/avatar\\\/7570d8418aa8b2b088ec6fbab020bbee04a813104b3444fd1815aec13b00c083?s=96&d=identicon&r=g\",\"caption\":\"Agnieszka\"},\"logo\":{\"@id\":\"https:\\\/\\\/secure.gravatar.com\\\/avatar\\\/7570d8418aa8b2b088ec6fbab020bbee04a813104b3444fd1815aec13b00c083?s=96&d=identicon&r=g\"},\"sameAs\":[\"http:\\\/\\\/alfabetstylu.com\",\"https:\\\/\\\/www.facebook.com\\\/ASalfabetstylu\\\/?modal=composer&notif_id=1581807070514170&notif_t=aymt_simplified_make_page_post&ref=notif\"]}]}<\/script>\n<!-- \/ Yoast SEO plugin. -->","yoast_head_json":{"title":"KONTAKT - Osobista stylistka Warszawa - ALFABET STYLU Agnieszka S\u0142owicka, Warszawa","robots":{"index":"index","follow":"follow","max-snippet":"max-snippet:-1","max-image-preview":"max-image-preview:large","max-video-preview":"max-video-preview:-1"},"canonical":"https:\/\/alfabetstylu.com\/index.php\/kontakt\/","og_locale":"pl_PL","og_type":"article","og_title":"KONTAKT - Osobista stylistka Warszawa - ALFABET STYLU Agnieszka S\u0142owicka, Warszawa","og_description":"Zapraszam do kontaktu pod adresem e-mail: aslowicka@alfabetstylu.com lub za pomoc\u0105 poni\u017cszego formularza Aby wype\u0142ni\u0107 ten formularz, w\u0142\u0105cz obs\u0142ug\u0119 JavaScript w przegl\u0105darce.Aby wype\u0142ni\u0107 ten formularz, w\u0142\u0105cz obs\u0142ug\u0119 JavaScript w przegl\u0105darce. Nazwa * Imi\u0119Nazwisko Adres e-mail *Napisz wiadomo\u015b\u0107: *Zgoda RODO * Zgadzam si\u0119 na przechowywanie przes\u0142anych przeze mnie informacji w tej witrynie internetowej do cel\u00f3w udzielenia odpowiedzi na moje zapytanie. Wyra\u017cam zgod\u0119 na przetwarzanie danych osobowych, niezb\u0119dnych do realizacji zam\u00f3wienia. O\u015bwiadczam, i\u017c zapozna\u0142am\/em si\u0119 z polityk\u0105 prywatno\u015bci i plik\u00f3w cookies oraz Regulaminem Us\u0142ug wraz z informacjami dotycz\u0105cymi przetwarzania danych osobowych dost\u0119pnych na stronie: https:\/\/alfabetstylu.com. Prze\u015blij Poni\u017cej linki dokument\u00f3w: Polityka prywatno\u015bci\/pliki cookies","og_url":"https:\/\/alfabetstylu.com\/index.php\/kontakt\/","og_site_name":"Osobista stylistka Warszawa - ALFABET STYLU Agnieszka S\u0142owicka, Warszawa","article_publisher":"https:\/\/www.facebook.com\/ASalfabetstylu\/?modal=composer&notif_id=1581807070514170&notif_t=aymt_simplified_make_page_post&ref=notif","article_modified_time":"2024-04-26T20:39:29+00:00","og_image":[{"url":"https:\/\/alfabetstylu.com\/wp-content\/plugins\/wpforms-lite\/assets\/images\/submit-spin.svg","type":"","width":"","height":""}],"twitter_card":"summary_large_image","twitter_misc":{"Szacowany czas czytania":"1 minuta"},"schema":{"@context":"https:\/\/schema.org","@graph":[{"@type":"WebPage","@id":"https:\/\/alfabetstylu.com\/index.php\/kontakt\/","url":"https:\/\/alfabetstylu.com\/index.php\/kontakt\/","name":"KONTAKT - Osobista stylistka Warszawa - ALFABET STYLU Agnieszka S\u0142owicka, Warszawa","isPartOf":{"@id":"https:\/\/alfabetstylu.com\/#website"},"primaryImageOfPage":{"@id":"https:\/\/alfabetstylu.com\/index.php\/kontakt\/#primaryimage"},"image":{"@id":"https:\/\/alfabetstylu.com\/index.php\/kontakt\/#primaryimage"},"thumbnailUrl":"https:\/\/alfabetstylu.com\/wp-content\/plugins\/wpforms-lite\/assets\/images\/submit-spin.svg","datePublished":"2022-12-02T16:29:14+00:00","dateModified":"2024-04-26T20:39:29+00:00","breadcrumb":{"@id":"https:\/\/alfabetstylu.com\/index.php\/kontakt\/#breadcrumb"},"inLanguage":"pl-PL","potentialAction":[{"@type":"ReadAction","target":["https:\/\/alfabetstylu.com\/index.php\/kontakt\/"]}]},{"@type":"ImageObject","inLanguage":"pl-PL","@id":"https:\/\/alfabetstylu.com\/index.php\/kontakt\/#primaryimage","url":"https:\/\/alfabetstylu.com\/wp-content\/plugins\/wpforms-lite\/assets\/images\/submit-spin.svg","contentUrl":"https:\/\/alfabetstylu.com\/wp-content\/plugins\/wpforms-lite\/assets\/images\/submit-spin.svg"},{"@type":"BreadcrumbList","@id":"https:\/\/alfabetstylu.com\/index.php\/kontakt\/#breadcrumb","itemListElement":[{"@type":"ListItem","position":1,"name":"Strona g\u0142\u00f3wna","item":"https:\/\/alfabetstylu.com\/"},{"@type":"ListItem","position":2,"name":"KONTAKT"}]},{"@type":"WebSite","@id":"https:\/\/alfabetstylu.com\/#website","url":"https:\/\/alfabetstylu.com\/","name":"doradca wizerunku - ALFABET STYLU Agnieszka S\u0142owicka, Warszawa","description":"kszta\u0142towanie wizerunku, czyli wszystko co potrzebujesz wiedzie\u0107, aby ol\u015bni\u0107 swoim wygl\u0105dem.","publisher":{"@id":"https:\/\/alfabetstylu.com\/#\/schema\/person\/beef67d495d162332beb4bc3c7657d3f"},"potentialAction":[{"@type":"SearchAction","target":{"@type":"EntryPoint","urlTemplate":"https:\/\/alfabetstylu.com\/?s={search_term_string}"},"query-input":{"@type":"PropertyValueSpecification","valueRequired":true,"valueName":"search_term_string"}}],"inLanguage":"pl-PL"},{"@type":["Person","Organization"],"@id":"https:\/\/alfabetstylu.com\/#\/schema\/person\/beef67d495d162332beb4bc3c7657d3f","name":"Agnieszka","image":{"@type":"ImageObject","inLanguage":"pl-PL","@id":"https:\/\/secure.gravatar.com\/avatar\/7570d8418aa8b2b088ec6fbab020bbee04a813104b3444fd1815aec13b00c083?s=96&d=identicon&r=g","url":"https:\/\/secure.gravatar.com\/avatar\/7570d8418aa8b2b088ec6fbab020bbee04a813104b3444fd1815aec13b00c083?s=96&d=identicon&r=g","contentUrl":"https:\/\/secure.gravatar.com\/avatar\/7570d8418aa8b2b088ec6fbab020bbee04a813104b3444fd1815aec13b00c083?s=96&d=identicon&r=g","caption":"Agnieszka"},"logo":{"@id":"https:\/\/secure.gravatar.com\/avatar\/7570d8418aa8b2b088ec6fbab020bbee04a813104b3444fd1815aec13b00c083?s=96&d=identicon&r=g"},"sameAs":["http:\/\/alfabetstylu.com","https:\/\/www.facebook.com\/ASalfabetstylu\/?modal=composer&notif_id=1581807070514170&notif_t=aymt_simplified_make_page_post&ref=notif"]}]}},"acf":[],"jetpack_sharing_enabled":true,"_links":{"self":[{"href":"https:\/\/alfabetstylu.com\/index.php\/wp-json\/wp\/v2\/pages\/2149","targetHints":{"allow":["GET"]}}],"collection":[{"href":"https:\/\/alfabetstylu.com\/index.php\/wp-json\/wp\/v2\/pages"}],"about":[{"href":"https:\/\/alfabetstylu.com\/index.php\/wp-json\/wp\/v2\/types\/page"}],"author":[{"embeddable":true,"href":"https:\/\/alfabetstylu.com\/index.php\/wp-json\/wp\/v2\/users\/1"}],"replies":[{"embeddable":true,"href":"https:\/\/alfabetstylu.com\/index.php\/wp-json\/wp\/v2\/comments?post=2149"}],"version-history":[{"count":41,"href":"https:\/\/alfabetstylu.com\/index.php\/wp-json\/wp\/v2\/pages\/2149\/revisions"}],"predecessor-version":[{"id":3881,"href":"https:\/\/alfabetstylu.com\/index.php\/wp-json\/wp\/v2\/pages\/2149\/revisions\/3881"}],"wp:attachment":[{"href":"https:\/\/alfabetstylu.com\/index.php\/wp-json\/wp\/v2\/media?parent=2149"}],"curies":[{"name":"wp","href":"https:\/\/api.w.org\/{rel}","templated":true}]}}